{"id":1919,"date":"2026-04-06T11:27:05","date_gmt":"2026-04-06T09:27:05","guid":{"rendered":"https:\/\/ummactif.org\/?page_id=1919"},"modified":"2026-04-06T11:56:26","modified_gmt":"2026-04-06T09:56:26","slug":"ramadan-1447-ile-de-france","status":"publish","type":"page","link":"https:\/\/ummactif.org\/index.php\/ramadan-1447-ile-de-france\/","title":{"rendered":"Ramadan 1447 : Ile-de-France"},"content":{"rendered":"\n<div class=\"wp-block-media-text has-media-on-the-right is-stacked-on-mobile\" style=\"grid-template-columns:auto 33%\"><div class=\"wp-block-media-text__content\">\n<p>Premi\u00e8re \u00e9tape &#8211; Chargement des packs aupr\u00e8s de notre fournisseur. Cette op\u00e9ration a \u00e9t\u00e9 r\u00e9p\u00e9t\u00e9e pour chaque point de livraison en raison de la quantit\u00e9, qu&rsquo;Allah vous r\u00e9compense !<\/p>\n<\/div><figure class=\"wp-block-media-text__media\"><video controls src=\"https:\/\/ummactif.org\/wp-content\/uploads\/2026\/04\/IMG_8588.mov\"><\/video><\/figure><\/div>\n\n\n\n<div class=\"wp-block-media-text is-stacked-on-mobile\" style=\"grid-template-columns:36% auto\"><figure class=\"wp-block-media-text__media\"><img loading=\"lazy\" decoding=\"async\" width=\"768\" height=\"1024\" src=\"https:\/\/ummactif.org\/wp-content\/uploads\/2026\/04\/IMG_0377-768x1024.jpeg\" alt=\"\" class=\"wp-image-1921 size-full\" srcset=\"https:\/\/ummactif.org\/wp-content\/uploads\/2026\/04\/IMG_0377-768x1024.jpeg 768w, https:\/\/ummactif.org\/wp-content\/uploads\/2026\/04\/IMG_0377-225x300.jpeg 225w, https:\/\/ummactif.org\/wp-content\/uploads\/2026\/04\/IMG_0377-2000x2667.jpeg 2000w, https:\/\/ummactif.org\/wp-content\/uploads\/2026\/04\/IMG_0377-scaled.jpeg 1920w\" sizes=\"auto, (max-width: 768px) 100vw, 768px\" \/><\/figure><div class=\"wp-block-media-text__content\">\n<p>Deuxi\u00e8me \u00e9tape &#8211; Notre premi\u00e8re livraison fut \u00e0 la mosqu\u00e9e de Massy, qu&rsquo;Allah les r\u00e9compense pour leur accueil et leur disponibilit\u00e9.<\/p>\n<\/div><\/div>\n\n\n\n<div class=\"wp-block-media-text has-media-on-the-right is-stacked-on-mobile\" style=\"grid-template-columns:auto 29%\"><div class=\"wp-block-media-text__content\">\n<p>Troisi\u00e8me \u00e9tape &#8211; Apr\u00e8s un deuxi\u00e8me chargement chez le fournisseur, c&rsquo;est \u00e0 la mosqu\u00e9e de Vitry-sur-Seine qu&rsquo;eu lieu la deuxi\u00e8me livraison, l\u00e0 o\u00f9 les fr\u00e8res nous ont aid\u00e9s pour le d\u00e9chargement.<\/p>\n<\/div><figure class=\"wp-block-media-text__media\"><video controls src=\"https:\/\/ummactif.org\/wp-content\/uploads\/2026\/04\/IMG_8590.mov\"><\/video><\/figure><\/div>\n\n\n\n<div class=\"wp-block-media-text is-stacked-on-mobile\" style=\"grid-template-columns:33% auto\"><figure class=\"wp-block-media-text__media\"><video controls src=\"https:\/\/ummactif.org\/wp-content\/uploads\/2026\/04\/IMG_8593.mov\"><\/video><\/figure><div class=\"wp-block-media-text__content\">\n<p>Quatri\u00e8me \u00e9tape &#8211; Ce fut notre dernier point : la mosqu\u00e9e de Boissy-Saint-L\u00e9ger qui nous a \u00e9galement accueillies chaleureusement. <\/p>\n\n\n\n<p>En tout, c&rsquo;est pr\u00e8s de 13 200 bouteilles qui ont \u00e9t\u00e9 distribu\u00e9es, Al Hamdoulillah !<\/p>\n\n\n\n<p>Merci \u00e0 tous ceux qui ont contribu\u00e9 de pr\u00e8s ou de loin \u00e0 cette action et on en esp\u00e8re d&rsquo;Allah l&rsquo;acceptation.<\/p>\n<\/div><\/div>\n","protected":false},"excerpt":{"rendered":"<p>Premi\u00e8re \u00e9tape &#8211; Chargement des packs aupr\u00e8s de notre fournisseur. Cette op\u00e9ration a \u00e9t\u00e9 r\u00e9p\u00e9t\u00e9e pour chaque point de livraison en raison de la quantit\u00e9, qu&rsquo;Allah vous r\u00e9compense ! Deuxi\u00e8me \u00e9tape &#8211; Notre premi\u00e8re livraison fut \u00e0 la mosqu\u00e9e de Massy, qu&rsquo;Allah les r\u00e9compense pour leur accueil et leur disponibilit\u00e9. Troisi\u00e8me \u00e9tape &#8211; Apr\u00e8s un &hellip; <\/p>\n<p class=\"link-more\"><a href=\"https:\/\/ummactif.org\/index.php\/ramadan-1447-ile-de-france\/\" class=\"more-link\">Lire la suite de<span class=\"screen-reader-text\">\u00ab\u00a0Ramadan 1447 : Ile-de-France\u00a0\u00bb<\/span><\/a><\/p>\n","protected":false},"author":1,"featured_media":0,"parent":0,"menu_order":0,"comment_status":"closed","ping_status":"closed","template":"","meta":{"give_campaign_id":0,"inspiro_hide_title":false,"footnotes":""},"class_list":["post-1919","page","type-page","status-publish","hentry"],"campaignId":"","_links":{"self":[{"href":"https:\/\/ummactif.org\/index.php\/wp-json\/wp\/v2\/pages\/1919","targetHints":{"allow":["GET"]}}],"collection":[{"href":"https:\/\/ummactif.org\/index.php\/wp-json\/wp\/v2\/pages"}],"about":[{"href":"https:\/\/ummactif.org\/index.php\/wp-json\/wp\/v2\/types\/page"}],"author":[{"embeddable":true,"href":"https:\/\/ummactif.org\/index.php\/wp-json\/wp\/v2\/users\/1"}],"replies":[{"embeddable":true,"href":"https:\/\/ummactif.org\/index.php\/wp-json\/wp\/v2\/comments?post=1919"}],"version-history":[{"count":11,"href":"https:\/\/ummactif.org\/index.php\/wp-json\/wp\/v2\/pages\/1919\/revisions"}],"predecessor-version":[{"id":1941,"href":"https:\/\/ummactif.org\/index.php\/wp-json\/wp\/v2\/pages\/1919\/revisions\/1941"}],"wp:attachment":[{"href":"https:\/\/ummactif.org\/index.php\/wp-json\/wp\/v2\/media?parent=1919"}],"curies":[{"name":"wp","href":"https:\/\/api.w.org\/{rel}","templated":true}]}}